{"id":602,"date":"2022-02-07T18:12:48","date_gmt":"2022-02-07T18:12:48","guid":{"rendered":"https:\/\/www.teais.es\/materiales-de-construccion\/?page_id=602"},"modified":"2022-07-11T15:49:02","modified_gmt":"2022-07-11T15:49:02","slug":"aviso-legal","status":"publish","type":"page","link":"https:\/\/www.teais.es\/materiales-de-construccion\/aviso-legal\/","title":{"rendered":"aviso legal"},"content":{"rendered":"\t\t<div data-elementor-type=\"wp-page\" data-elementor-id=\"602\" class=\"elementor elementor-602\" data-elementor-post-type=\"page\">\n\t\t\t\t\t\t<section class=\"has_ae_slider elementor-section elementor-top-section elementor-element elementor-element-8b53000 elementor-section-boxed elementor-section-height-default elementor-section-height-default ae-bg-gallery-type-default\" data-id=\"8b53000\" data-element_type=\"section\" data-e-type=\"section\">\n\t\t\t\t\t\t<div class=\"elementor-container elementor-column-gap-default\">\n\t\t\t\t\t<div class=\"has_ae_slider elementor-column elementor-col-33 elementor-top-column elementor-element elementor-element-1b4db16 ae-bg-gallery-type-default\" data-id=\"1b4db16\" data-element_type=\"column\" data-e-type=\"column\">\n\t\t\t<div class=\"elementor-widget-wrap\">\n\t\t\t\t\t\t\t<\/div>\n\t\t<\/div>\n\t\t\t\t<div class=\"has_ae_slider elementor-column elementor-col-33 elementor-top-column elementor-element elementor-element-c311e35 ae-bg-gallery-type-default\" data-id=\"c311e35\" data-element_type=\"column\" data-e-type=\"column\">\n\t\t\t<div class=\"elementor-widget-wrap elementor-element-populated\">\n\t\t\t\t\t\t<div class=\"elementor-element elementor-element-dc72988 elementor-widget elementor-widget-heading\" data-id=\"dc72988\" data-element_type=\"widget\" data-e-type=\"widget\" data-widget_type=\"heading.default\">\n\t\t\t\t<div class=\"elementor-widget-container\">\n\t\t\t\t\t<h2 class=\"elementor-heading-title elementor-size-default\">Aviso legal<\/h2>\t\t\t\t<\/div>\n\t\t\t\t<\/div>\n\t\t\t\t<div class=\"elementor-element elementor-element-c7f5b6d elementor-widget elementor-widget-text-editor\" data-id=\"c7f5b6d\" data-element_type=\"widget\" data-e-type=\"widget\" data-widget_type=\"text-editor.default\">\n\t\t\t\t<div class=\"elementor-widget-container\">\n\t\t\t\t\t\t\t\t\t<p>Informaci\u00f3n General<br \/>El titular del sitio web sitio web https:\/\/www.teais.es\/ es TEAIS, S.A., con NIF A15062185 y domicilio sito en Calle Avenida da Enerx\u00eda 153, Polg. Industrial de Sab\u00f3n, 15143, Arteixo, (A Coru\u00f1a). La entidad se encuentra inscrita en el Registro Mercantil con los siguientes datos de inscripci\u00f3n: Registro Mercantil de A Coru\u00f1a, al tomo 1198, del Archivo, Secci\u00f3n General, al folio 136, hoja n\u00famero C-7048.<br \/>Con \u00e1nimo de que el uso del sitio web se ajuste a criterios de transparencia, claridad y sencillez, TEAIS, S.A. informa al usuario que cualquier sugerencia, duda o consulta sobre el presente Aviso Legal o cualquier otro documento informativo del sitio web ser\u00e1 recibida y solucionada contactando con TEAIS, S.A., a trav\u00e9s de la direcci\u00f3n de correo electr\u00f3nica: lopd@teais.es<\/p><p>Propiedad Intelectual<br \/>Todos los contenidos que se muestran en el presente sitio web, y en especial dise\u00f1os, textos, im\u00e1genes, logos, iconos, nombres comerciales, marcas o cualquier otra informaci\u00f3n susceptible de utilizaci\u00f3n industrial y\/o comercial est\u00e1n protegidos por los correspondientes derechos de autor, no permitiendo su reproducci\u00f3n, transmisi\u00f3n o registro de informaci\u00f3n salvo autorizaci\u00f3n previa del titular, TEAIS, S.A.. No obstante el usuario podr\u00e1 utilizar informaci\u00f3n facilitada para gestionar su pedido y los datos de contacto correspondientes.<\/p><p>Enlaces<br \/>TEAIS, S.A. no asume ninguna responsabilidad sobre los enlaces hac\u00eda otros sitios o p\u00e1ginas web que, en su caso, pudieran incluirse en el mismo, ya que no tiene ning\u00fan tipo de control sobre los mismos, por lo que el usuario accede bajo su exclusiva responsabilidad al contenido y en las condiciones de uso que rijan en los mismos.<\/p>\t\t\t\t\t\t\t\t<\/div>\n\t\t\t\t<\/div>\n\t\t\t\t\t<\/div>\n\t\t<\/div>\n\t\t\t\t<div class=\"has_ae_slider elementor-column elementor-col-33 elementor-top-column elementor-element elementor-element-861c052 ae-bg-gallery-type-default\" data-id=\"861c052\" data-element_type=\"column\" data-e-type=\"column\">\n\t\t\t<div class=\"elementor-widget-wrap\">\n\t\t\t\t\t\t\t<\/div>\n\t\t<\/div>\n\t\t\t\t\t<\/div>\n\t\t<\/section>\n\t\t\t\t<\/div>\n\t\t","protected":false},"excerpt":{"rendered":"<p>Aviso legal Informaci\u00f3n GeneralEl titular del sitio web sitio web https:\/\/www.teais.es\/ es TEAIS, S.A., con NIF A15062185 y domicilio sito en Calle Avenida da Enerx\u00eda 153, Polg. Industrial de Sab\u00f3n, 15143, Arteixo, (A Coru\u00f1a). La entidad se encuentra inscrita en el Registro Mercantil con los siguientes datos de inscripci\u00f3n: Registro Mercantil de A Coru\u00f1a, al [&hellip;]<\/p>\n","protected":false},"author":1,"featured_media":0,"parent":0,"menu_order":0,"comment_status":"closed","ping_status":"closed","template":"","meta":{"_acf_changed":false,"episode_type":"","audio_file":"","cover_image":"","cover_image_id":"","duration":"","filesize":"","filesize_raw":"","date_recorded":"","explicit":"","block":"","itunes_episode_number":"","itunes_title":"","itunes_season_number":"","itunes_episode_type":"","footnotes":""},"class_list":["post-602","page","type-page","status-publish","hentry"],"acf":[],"yoast_head":"<!-- This site is optimized with the Yoast SEO plugin v26.9 - https:\/\/yoast.com\/product\/yoast-seo-wordpress\/ -->\n<title>aviso legal - Fabrica de productos y sistemas para la construcci\u00f3n - TEAIS<\/title>\n<meta name=\"robots\" content=\"index, follow, max-snippet:-1, max-image-preview:large, max-video-preview:-1\" \/>\n<link rel=\"canonical\" href=\"https:\/\/www.teais.es\/materiales-de-construccion\/aviso-legal\/\" \/>\n<meta property=\"og:locale\" content=\"es_ES\" \/>\n<meta property=\"og:type\" content=\"article\" \/>\n<meta property=\"og:title\" content=\"aviso legal - Fabrica de productos y sistemas para la construcci\u00f3n - TEAIS\" \/>\n<meta property=\"og:description\" content=\"Aviso legal Informaci\u00f3n GeneralEl titular del sitio web sitio web https:\/\/www.teais.es\/ es TEAIS, S.A., con NIF A15062185 y domicilio sito en Calle Avenida da Enerx\u00eda 153, Polg. Industrial de Sab\u00f3n, 15143, Arteixo, (A Coru\u00f1a). La entidad se encuentra inscrita en el Registro Mercantil con los siguientes datos de inscripci\u00f3n: Registro Mercantil de A Coru\u00f1a, al [&hellip;]\" \/>\n<meta property=\"og:url\" content=\"https:\/\/www.teais.es\/materiales-de-construccion\/aviso-legal\/\" \/>\n<meta property=\"og:site_name\" content=\"Fabrica de productos y sistemas para la construcci\u00f3n - TEAIS\" \/>\n<meta property=\"article:publisher\" content=\"https:\/\/www.facebook.com\/teais.es\" \/>\n<meta property=\"article:modified_time\" content=\"2022-07-11T15:49:02+00:00\" \/>\n<meta name=\"twitter:card\" content=\"summary_large_image\" \/>\n<meta name=\"twitter:site\" content=\"@TEAIS_SA\" \/>\n<meta name=\"twitter:label1\" content=\"Tiempo de lectura\" \/>\n\t<meta name=\"twitter:data1\" content=\"2 minutos\" \/>\n<script type=\"application\/ld+json\" class=\"yoast-schema-graph\">{\"@context\":\"https:\/\/schema.org\",\"@graph\":[{\"@type\":\"WebPage\",\"@id\":\"https:\/\/www.teais.es\/materiales-de-construccion\/aviso-legal\/\",\"url\":\"https:\/\/www.teais.es\/materiales-de-construccion\/aviso-legal\/\",\"name\":\"aviso legal - Fabrica de productos y sistemas para la construcci\u00f3n - TEAIS\",\"isPartOf\":{\"@id\":\"https:\/\/www.teais.es\/materiales-de-construccion\/#website\"},\"datePublished\":\"2022-02-07T18:12:48+00:00\",\"dateModified\":\"2022-07-11T15:49:02+00:00\",\"breadcrumb\":{\"@id\":\"https:\/\/www.teais.es\/materiales-de-construccion\/aviso-legal\/#breadcrumb\"},\"inLanguage\":\"es\",\"potentialAction\":[{\"@type\":\"ReadAction\",\"target\":[\"https:\/\/www.teais.es\/materiales-de-construccion\/aviso-legal\/\"]}]},{\"@type\":\"BreadcrumbList\",\"@id\":\"https:\/\/www.teais.es\/materiales-de-construccion\/aviso-legal\/#breadcrumb\",\"itemListElement\":[{\"@type\":\"ListItem\",\"position\":1,\"name\":\"Inicio\",\"item\":\"https:\/\/www.teais.es\/materiales-de-construccion\/\"},{\"@type\":\"ListItem\",\"position\":2,\"name\":\"aviso legal\"}]},{\"@type\":\"WebSite\",\"@id\":\"https:\/\/www.teais.es\/materiales-de-construccion\/#website\",\"url\":\"https:\/\/www.teais.es\/materiales-de-construccion\/\",\"name\":\"Fabrica de productos y sistemas para la construcci\u00f3n - TEAIS\",\"description\":\"Fabrica y desarrollo de cientos de productos y sistemas para la construcci\u00f3n y la industria. Obra nueva, restauraci\u00f3n, impermeabilizaci\u00f3n, pavimentos, revestimientos, etc.\",\"publisher\":{\"@id\":\"https:\/\/www.teais.es\/materiales-de-construccion\/#organization\"},\"potentialAction\":[{\"@type\":\"SearchAction\",\"target\":{\"@type\":\"EntryPoint\",\"urlTemplate\":\"https:\/\/www.teais.es\/materiales-de-construccion\/?s={search_term_string}\"},\"query-input\":{\"@type\":\"PropertyValueSpecification\",\"valueRequired\":true,\"valueName\":\"search_term_string\"}}],\"inLanguage\":\"es\"},{\"@type\":\"Organization\",\"@id\":\"https:\/\/www.teais.es\/materiales-de-construccion\/#organization\",\"name\":\"TEAIS\",\"url\":\"https:\/\/www.teais.es\/materiales-de-construccion\/\",\"logo\":{\"@type\":\"ImageObject\",\"inLanguage\":\"es\",\"@id\":\"https:\/\/www.teais.es\/materiales-de-construccion\/#\/schema\/logo\/image\/\",\"url\":\"https:\/\/www.teais.es\/materiales-de-construccion\/wp-content\/uploads\/2021\/12\/fabrica-de-materiales-construccion-teais.jpg\",\"contentUrl\":\"https:\/\/www.teais.es\/materiales-de-construccion\/wp-content\/uploads\/2021\/12\/fabrica-de-materiales-construccion-teais.jpg\",\"width\":154,\"height\":109,\"caption\":\"TEAIS\"},\"image\":{\"@id\":\"https:\/\/www.teais.es\/materiales-de-construccion\/#\/schema\/logo\/image\/\"},\"sameAs\":[\"https:\/\/www.facebook.com\/teais.es\",\"https:\/\/x.com\/TEAIS_SA\",\"https:\/\/www.instagram.com\/teais_sa\/\",\"https:\/\/www.linkedin.com\/company\/teais-sa\/\",\"https:\/\/www.youtube.com\/user\/TEAISCOMEX\"]}]}<\/script>\n<!-- \/ Yoast SEO plugin. -->","yoast_head_json":{"title":"aviso legal - Fabrica de productos y sistemas para la construcci\u00f3n - TEAIS","robots":{"index":"index","follow":"follow","max-snippet":"max-snippet:-1","max-image-preview":"max-image-preview:large","max-video-preview":"max-video-preview:-1"},"canonical":"https:\/\/www.teais.es\/materiales-de-construccion\/aviso-legal\/","og_locale":"es_ES","og_type":"article","og_title":"aviso legal - Fabrica de productos y sistemas para la construcci\u00f3n - TEAIS","og_description":"Aviso legal Informaci\u00f3n GeneralEl titular del sitio web sitio web https:\/\/www.teais.es\/ es TEAIS, S.A., con NIF A15062185 y domicilio sito en Calle Avenida da Enerx\u00eda 153, Polg. Industrial de Sab\u00f3n, 15143, Arteixo, (A Coru\u00f1a). La entidad se encuentra inscrita en el Registro Mercantil con los siguientes datos de inscripci\u00f3n: Registro Mercantil de A Coru\u00f1a, al [&hellip;]","og_url":"https:\/\/www.teais.es\/materiales-de-construccion\/aviso-legal\/","og_site_name":"Fabrica de productos y sistemas para la construcci\u00f3n - TEAIS","article_publisher":"https:\/\/www.facebook.com\/teais.es","article_modified_time":"2022-07-11T15:49:02+00:00","twitter_card":"summary_large_image","twitter_site":"@TEAIS_SA","twitter_misc":{"Tiempo de lectura":"2 minutos"},"schema":{"@context":"https:\/\/schema.org","@graph":[{"@type":"WebPage","@id":"https:\/\/www.teais.es\/materiales-de-construccion\/aviso-legal\/","url":"https:\/\/www.teais.es\/materiales-de-construccion\/aviso-legal\/","name":"aviso legal - Fabrica de productos y sistemas para la construcci\u00f3n - TEAIS","isPartOf":{"@id":"https:\/\/www.teais.es\/materiales-de-construccion\/#website"},"datePublished":"2022-02-07T18:12:48+00:00","dateModified":"2022-07-11T15:49:02+00:00","breadcrumb":{"@id":"https:\/\/www.teais.es\/materiales-de-construccion\/aviso-legal\/#breadcrumb"},"inLanguage":"es","potentialAction":[{"@type":"ReadAction","target":["https:\/\/www.teais.es\/materiales-de-construccion\/aviso-legal\/"]}]},{"@type":"BreadcrumbList","@id":"https:\/\/www.teais.es\/materiales-de-construccion\/aviso-legal\/#breadcrumb","itemListElement":[{"@type":"ListItem","position":1,"name":"Inicio","item":"https:\/\/www.teais.es\/materiales-de-construccion\/"},{"@type":"ListItem","position":2,"name":"aviso legal"}]},{"@type":"WebSite","@id":"https:\/\/www.teais.es\/materiales-de-construccion\/#website","url":"https:\/\/www.teais.es\/materiales-de-construccion\/","name":"Fabrica de productos y sistemas para la construcci\u00f3n - TEAIS","description":"Fabrica y desarrollo de cientos de productos y sistemas para la construcci\u00f3n y la industria. Obra nueva, restauraci\u00f3n, impermeabilizaci\u00f3n, pavimentos, revestimientos, etc.","publisher":{"@id":"https:\/\/www.teais.es\/materiales-de-construccion\/#organization"},"potentialAction":[{"@type":"SearchAction","target":{"@type":"EntryPoint","urlTemplate":"https:\/\/www.teais.es\/materiales-de-construccion\/?s={search_term_string}"},"query-input":{"@type":"PropertyValueSpecification","valueRequired":true,"valueName":"search_term_string"}}],"inLanguage":"es"},{"@type":"Organization","@id":"https:\/\/www.teais.es\/materiales-de-construccion\/#organization","name":"TEAIS","url":"https:\/\/www.teais.es\/materiales-de-construccion\/","logo":{"@type":"ImageObject","inLanguage":"es","@id":"https:\/\/www.teais.es\/materiales-de-construccion\/#\/schema\/logo\/image\/","url":"https:\/\/www.teais.es\/materiales-de-construccion\/wp-content\/uploads\/2021\/12\/fabrica-de-materiales-construccion-teais.jpg","contentUrl":"https:\/\/www.teais.es\/materiales-de-construccion\/wp-content\/uploads\/2021\/12\/fabrica-de-materiales-construccion-teais.jpg","width":154,"height":109,"caption":"TEAIS"},"image":{"@id":"https:\/\/www.teais.es\/materiales-de-construccion\/#\/schema\/logo\/image\/"},"sameAs":["https:\/\/www.facebook.com\/teais.es","https:\/\/x.com\/TEAIS_SA","https:\/\/www.instagram.com\/teais_sa\/","https:\/\/www.linkedin.com\/company\/teais-sa\/","https:\/\/www.youtube.com\/user\/TEAISCOMEX"]}]}},"_links":{"self":[{"href":"https:\/\/www.teais.es\/materiales-de-construccion\/wp-json\/wp\/v2\/pages\/602","targetHints":{"allow":["GET"]}}],"collection":[{"href":"https:\/\/www.teais.es\/materiales-de-construccion\/wp-json\/wp\/v2\/pages"}],"about":[{"href":"https:\/\/www.teais.es\/materiales-de-construccion\/wp-json\/wp\/v2\/types\/page"}],"author":[{"embeddable":true,"href":"https:\/\/www.teais.es\/materiales-de-construccion\/wp-json\/wp\/v2\/users\/1"}],"replies":[{"embeddable":true,"href":"https:\/\/www.teais.es\/materiales-de-construccion\/wp-json\/wp\/v2\/comments?post=602"}],"version-history":[{"count":6,"href":"https:\/\/www.teais.es\/materiales-de-construccion\/wp-json\/wp\/v2\/pages\/602\/revisions"}],"predecessor-version":[{"id":1937,"href":"https:\/\/www.teais.es\/materiales-de-construccion\/wp-json\/wp\/v2\/pages\/602\/revisions\/1937"}],"wp:attachment":[{"href":"https:\/\/www.teais.es\/materiales-de-construccion\/wp-json\/wp\/v2\/media?parent=602"}],"curies":[{"name":"wp","href":"https:\/\/api.w.org\/{rel}","templated":true}]}}