{"id":809,"date":"2022-03-16T17:03:43","date_gmt":"2022-03-16T17:03:43","guid":{"rendered":"https:\/\/www.teais.es\/materiales-de-construccion\/?page_id=809"},"modified":"2025-05-13T09:02:49","modified_gmt":"2025-05-13T09:02:49","slug":"politica-de-cookies","status":"publish","type":"page","link":"https:\/\/www.teais.es\/materiales-de-construccion\/politica-de-cookies\/","title":{"rendered":"Pol\u00edtica de cookies"},"content":{"rendered":"\t\t<div data-elementor-type=\"wp-page\" data-elementor-id=\"809\" class=\"elementor elementor-809\" data-elementor-post-type=\"page\">\n\t\t\t\t\t\t<section class=\"has_ae_slider elementor-section elementor-top-section elementor-element elementor-element-a4bd02d elementor-section-boxed elementor-section-height-default elementor-section-height-default ae-bg-gallery-type-default\" data-id=\"a4bd02d\" data-element_type=\"section\" data-e-type=\"section\">\n\t\t\t\t\t\t<div class=\"elementor-container elementor-column-gap-default\">\n\t\t\t\t\t<div class=\"has_ae_slider elementor-column elementor-col-100 elementor-top-column elementor-element elementor-element-b365ac3 ae-bg-gallery-type-default\" data-id=\"b365ac3\" data-element_type=\"column\" data-e-type=\"column\">\n\t\t\t<div class=\"elementor-widget-wrap elementor-element-populated\">\n\t\t\t\t\t\t<div class=\"elementor-element elementor-element-7ab6997 elementor-widget elementor-widget-theme-post-title elementor-page-title elementor-widget-heading\" data-id=\"7ab6997\" data-element_type=\"widget\" data-e-type=\"widget\" data-widget_type=\"theme-post-title.default\">\n\t\t\t\t<div class=\"elementor-widget-container\">\n\t\t\t\t\t<h1 class=\"elementor-heading-title elementor-size-default\">Pol\u00edtica de cookies<\/h1>\t\t\t\t<\/div>\n\t\t\t\t<\/div>\n\t\t\t\t<div class=\"elementor-element elementor-element-ba487a7 elementor-widget elementor-widget-text-editor\" data-id=\"ba487a7\" data-element_type=\"widget\" data-e-type=\"widget\" data-widget_type=\"text-editor.default\">\n\t\t\t\t<div class=\"elementor-widget-container\">\n\t\t\t\t\t\t\t\t\t<style><span data-mce-type=\"bookmark\" style=\"display: inline-block; width: 0px; overflow: hidden; line-height: 0;\" class=\"mce_SELRES_start\">\ufeff<\/span><span data-mce-type=\"bookmark\" style=\"display: inline-block; width: 0px; overflow: hidden; line-height: 0;\" class=\"mce_SELRES_start\">\ufeff<\/span><br \/>    a.cky-banner-element {<br \/>        padding: 8px 30px;<br \/>        background: #F8F9FA;<br \/>        color: #858A8F;<br \/>        border: 1px solid #DEE2E6;<br \/>        box-sizing: border-box;<br \/>        border-radius: 2px;<br \/>        cursor: pointer;<br \/>}<br \/><\/style>\n<h5><span style=\"font-size: 16px;\">\u00bfQu\u00e9 son las cookies?<\/span><\/h5>\n<div class=\"cookie-policy-p\">\n\nEsta Pol\u00edtica de cookies explica qu\u00e9 son las cookies y c\u00f3mo las usamos, los tipos de cookies que utilizamos, es decir, la informaci\u00f3n que recopilamos mediante el uso de cookies y c\u00f3mo se usa esa informaci\u00f3n, y c\u00f3mo administrar la configuraci\u00f3n de las cookies.\n\nLas cookies son peque\u00f1os archivos de texto que se utilizan para almacenar peque\u00f1os fragmentos de informaci\u00f3n. Se almacenan en su dispositivo cuando el sitio web se carga en su navegador. Estas cookies nos ayudan a que el sitio web funcione correctamente, hacerlo m\u00e1s seguro, brindar una mejor experiencia de usuario y comprender c\u00f3mo funciona el sitio web y analizar qu\u00e9 funciona y d\u00f3nde necesita mejorar.\n\n<strong>\u00bfC\u00f3mo usamos las cookies?<\/strong>\nComo la mayor\u00eda de los servicios en l\u00ednea, nuestro sitio web utiliza cookies propias y de terceros para varios prop\u00f3sitos. Las cookies de origen son en su mayor\u00eda necesarias para que el sitio web funcione correctamente y no recopilan ninguno de sus datos de identificaci\u00f3n personal.\n\nLas cookies de terceros utilizadas en nuestro sitio web son principalmente para comprender c\u00f3mo funciona el sitio web, c\u00f3mo interact\u00faa con nuestro sitio web, mantener nuestros servicios seguros, proporcionar anuncios que sean relevantes para usted y, en general, brindarle un usuario mejor y mejorado. experiencia y ayudar a acelerar sus futuras interacciones con nuestro sitio web.\n\n<\/div>\n&nbsp;\n<h5>Cookies que usamos<\/h5>\n<div class=\"cky-audit-table-element\"><\/div>\n&nbsp;\n<h5 style=\"margin-bottom: 20px;\">Revisas tus preferencias de cookies<\/h5>\n<a class=\"cky-banner-element\">Revisas tus preferencias de cookies<\/a>\n<div>\n\nYou can change your cookie preferences any time by clicking the above button. This will let you revisit the cookie consent banner and change your preferences or withdraw your consent right away.\n\nIn addition to this, different browsers provide different methods to block and delete cookies used by websites. You can change the settings of your browser to block\/delete the cookies. Listed below are the links to the support documents on how to manage and delete cookies from the major web browsers.\n\nChrome: <a href=\"https:\/\/support.google.com\/accounts\/answer\/32050\" target=\"_blank\" rel=\"noopener\">https:\/\/support.google.com\/accounts\/answer\/32050<\/a>\n\nSafari: <a href=\"https:\/\/support.apple.com\/en-in\/guide\/safari\/sfri11471\/mac\" target=\"_blank\" rel=\"noopener\">https:\/\/support.apple.com\/en-in\/guide\/safari\/sfri11471\/mac<\/a>\n\nFirefox: <a href=\"https:\/\/support.mozilla.org\/en-US\/kb\/clear-cookies-and-site-data-firefox?redirectslug=delete-cookies-remove-info-websites-stored&amp;redirectlocale=en-US\" target=\"_blank\" rel=\"noopener\">https:\/\/support.mozilla.org\/en-US\/kb\/clear-cookies-and-site-data-firefox?redirectslug=delete-cookies-remove-info-websites-stored&amp;redirectlocale=en-US<\/a>\n\nInternet Explorer: <a href=\"https:\/\/support.microsoft.com\/en-us\/topic\/how-to-delete-cookie-files-in-internet-explorer-bca9446f-d873-78de-77ba-d42645fa52fc\" target=\"_blank\" rel=\"noopener\">https:\/\/support.microsoft.com\/en-us\/topic\/how-to-delete-cookie-files-in-internet-explorer-bca9446f-d873-78de-77ba-d42645fa52fc<\/a>\n\nIf you are using any other web browser, please visit your browser\u2019s official support documents.\n\n<\/div>\n&nbsp;\n<p class=\"cookie-policy-p\">Cookie Policy Generated By <a href=\"https:\/\/www.cookieyes.com\/?utm_source=CP&amp;utm_medium=footer&amp;utm_campaign=UW\" target=\"_blank\" rel=\"noopener\">CookieYes &#8211; Cookie Policy Generator<\/a>.<\/p>\t\t\t\t\t\t\t\t<\/div>\n\t\t\t\t<\/div>\n\t\t\t\t\t<\/div>\n\t\t<\/div>\n\t\t\t\t\t<\/div>\n\t\t<\/section>\n\t\t\t\t<\/div>\n\t\t","protected":false},"excerpt":{"rendered":"<p>\u00bfQu\u00e9 son las cookies? Esta Pol\u00edtica de cookies explica qu\u00e9 son las cookies y c\u00f3mo las usamos, los tipos de cookies que utilizamos, es decir, la informaci\u00f3n que recopilamos mediante el uso de cookies y c\u00f3mo se usa esa informaci\u00f3n, y c\u00f3mo administrar la configuraci\u00f3n de las cookies. Las cookies son peque\u00f1os archivos de texto [&hellip;]<\/p>\n","protected":false},"author":1,"featured_media":0,"parent":0,"menu_order":0,"comment_status":"closed","ping_status":"closed","template":"","meta":{"_acf_changed":false,"episode_type":"","audio_file":"","cover_image":"","cover_image_id":"","duration":"","filesize":"","filesize_raw":"","date_recorded":"","explicit":"","block":"","itunes_episode_number":"","itunes_title":"","itunes_season_number":"","itunes_episode_type":"","footnotes":""},"class_list":["post-809","page","type-page","status-publish","hentry"],"acf":[],"yoast_head":"<!-- This site is optimized with the Yoast SEO plugin v26.9 - https:\/\/yoast.com\/product\/yoast-seo-wordpress\/ -->\n<title>Pol\u00edtica de cookies - Fabrica de productos y sistemas para la construcci\u00f3n - TEAIS<\/title>\n<meta name=\"robots\" content=\"index, follow, max-snippet:-1, max-image-preview:large, max-video-preview:-1\" \/>\n<link rel=\"canonical\" href=\"https:\/\/www.teais.es\/materiales-de-construccion\/politica-de-cookies\/\" \/>\n<meta property=\"og:locale\" content=\"es_ES\" \/>\n<meta property=\"og:type\" content=\"article\" \/>\n<meta property=\"og:title\" content=\"Pol\u00edtica de cookies - Fabrica de productos y sistemas para la construcci\u00f3n - TEAIS\" \/>\n<meta property=\"og:description\" content=\"\u00bfQu\u00e9 son las cookies? Esta Pol\u00edtica de cookies explica qu\u00e9 son las cookies y c\u00f3mo las usamos, los tipos de cookies que utilizamos, es decir, la informaci\u00f3n que recopilamos mediante el uso de cookies y c\u00f3mo se usa esa informaci\u00f3n, y c\u00f3mo administrar la configuraci\u00f3n de las cookies. Las cookies son peque\u00f1os archivos de texto [&hellip;]\" \/>\n<meta property=\"og:url\" content=\"https:\/\/www.teais.es\/materiales-de-construccion\/politica-de-cookies\/\" \/>\n<meta property=\"og:site_name\" content=\"Fabrica de productos y sistemas para la construcci\u00f3n - TEAIS\" \/>\n<meta property=\"article:publisher\" content=\"https:\/\/www.facebook.com\/teais.es\" \/>\n<meta property=\"article:modified_time\" content=\"2025-05-13T09:02:49+00:00\" \/>\n<meta name=\"twitter:card\" content=\"summary_large_image\" \/>\n<meta name=\"twitter:site\" content=\"@TEAIS_SA\" \/>\n<meta name=\"twitter:label1\" content=\"Tiempo de lectura\" \/>\n\t<meta name=\"twitter:data1\" content=\"6 minutos\" \/>\n<script type=\"application\/ld+json\" class=\"yoast-schema-graph\">{\"@context\":\"https:\/\/schema.org\",\"@graph\":[{\"@type\":\"WebPage\",\"@id\":\"https:\/\/www.teais.es\/materiales-de-construccion\/politica-de-cookies\/\",\"url\":\"https:\/\/www.teais.es\/materiales-de-construccion\/politica-de-cookies\/\",\"name\":\"Pol\u00edtica de cookies - Fabrica de productos y sistemas para la construcci\u00f3n - TEAIS\",\"isPartOf\":{\"@id\":\"https:\/\/www.teais.es\/materiales-de-construccion\/#website\"},\"datePublished\":\"2022-03-16T17:03:43+00:00\",\"dateModified\":\"2025-05-13T09:02:49+00:00\",\"breadcrumb\":{\"@id\":\"https:\/\/www.teais.es\/materiales-de-construccion\/politica-de-cookies\/#breadcrumb\"},\"inLanguage\":\"es\",\"potentialAction\":[{\"@type\":\"ReadAction\",\"target\":[\"https:\/\/www.teais.es\/materiales-de-construccion\/politica-de-cookies\/\"]}]},{\"@type\":\"BreadcrumbList\",\"@id\":\"https:\/\/www.teais.es\/materiales-de-construccion\/politica-de-cookies\/#breadcrumb\",\"itemListElement\":[{\"@type\":\"ListItem\",\"position\":1,\"name\":\"Inicio\",\"item\":\"https:\/\/www.teais.es\/materiales-de-construccion\/\"},{\"@type\":\"ListItem\",\"position\":2,\"name\":\"Pol\u00edtica de cookies\"}]},{\"@type\":\"WebSite\",\"@id\":\"https:\/\/www.teais.es\/materiales-de-construccion\/#website\",\"url\":\"https:\/\/www.teais.es\/materiales-de-construccion\/\",\"name\":\"Fabrica de productos y sistemas para la construcci\u00f3n - TEAIS\",\"description\":\"Fabrica y desarrollo de cientos de productos y sistemas para la construcci\u00f3n y la industria. Obra nueva, restauraci\u00f3n, impermeabilizaci\u00f3n, pavimentos, revestimientos, etc.\",\"publisher\":{\"@id\":\"https:\/\/www.teais.es\/materiales-de-construccion\/#organization\"},\"potentialAction\":[{\"@type\":\"SearchAction\",\"target\":{\"@type\":\"EntryPoint\",\"urlTemplate\":\"https:\/\/www.teais.es\/materiales-de-construccion\/?s={search_term_string}\"},\"query-input\":{\"@type\":\"PropertyValueSpecification\",\"valueRequired\":true,\"valueName\":\"search_term_string\"}}],\"inLanguage\":\"es\"},{\"@type\":\"Organization\",\"@id\":\"https:\/\/www.teais.es\/materiales-de-construccion\/#organization\",\"name\":\"TEAIS\",\"url\":\"https:\/\/www.teais.es\/materiales-de-construccion\/\",\"logo\":{\"@type\":\"ImageObject\",\"inLanguage\":\"es\",\"@id\":\"https:\/\/www.teais.es\/materiales-de-construccion\/#\/schema\/logo\/image\/\",\"url\":\"https:\/\/www.teais.es\/materiales-de-construccion\/wp-content\/uploads\/2021\/12\/fabrica-de-materiales-construccion-teais.jpg\",\"contentUrl\":\"https:\/\/www.teais.es\/materiales-de-construccion\/wp-content\/uploads\/2021\/12\/fabrica-de-materiales-construccion-teais.jpg\",\"width\":154,\"height\":109,\"caption\":\"TEAIS\"},\"image\":{\"@id\":\"https:\/\/www.teais.es\/materiales-de-construccion\/#\/schema\/logo\/image\/\"},\"sameAs\":[\"https:\/\/www.facebook.com\/teais.es\",\"https:\/\/x.com\/TEAIS_SA\",\"https:\/\/www.instagram.com\/teais_sa\/\",\"https:\/\/www.linkedin.com\/company\/teais-sa\/\",\"https:\/\/www.youtube.com\/user\/TEAISCOMEX\"]}]}<\/script>\n<!-- \/ Yoast SEO plugin. -->","yoast_head_json":{"title":"Pol\u00edtica de cookies - Fabrica de productos y sistemas para la construcci\u00f3n - TEAIS","robots":{"index":"index","follow":"follow","max-snippet":"max-snippet:-1","max-image-preview":"max-image-preview:large","max-video-preview":"max-video-preview:-1"},"canonical":"https:\/\/www.teais.es\/materiales-de-construccion\/politica-de-cookies\/","og_locale":"es_ES","og_type":"article","og_title":"Pol\u00edtica de cookies - Fabrica de productos y sistemas para la construcci\u00f3n - TEAIS","og_description":"\u00bfQu\u00e9 son las cookies? Esta Pol\u00edtica de cookies explica qu\u00e9 son las cookies y c\u00f3mo las usamos, los tipos de cookies que utilizamos, es decir, la informaci\u00f3n que recopilamos mediante el uso de cookies y c\u00f3mo se usa esa informaci\u00f3n, y c\u00f3mo administrar la configuraci\u00f3n de las cookies. Las cookies son peque\u00f1os archivos de texto [&hellip;]","og_url":"https:\/\/www.teais.es\/materiales-de-construccion\/politica-de-cookies\/","og_site_name":"Fabrica de productos y sistemas para la construcci\u00f3n - TEAIS","article_publisher":"https:\/\/www.facebook.com\/teais.es","article_modified_time":"2025-05-13T09:02:49+00:00","twitter_card":"summary_large_image","twitter_site":"@TEAIS_SA","twitter_misc":{"Tiempo de lectura":"6 minutos"},"schema":{"@context":"https:\/\/schema.org","@graph":[{"@type":"WebPage","@id":"https:\/\/www.teais.es\/materiales-de-construccion\/politica-de-cookies\/","url":"https:\/\/www.teais.es\/materiales-de-construccion\/politica-de-cookies\/","name":"Pol\u00edtica de cookies - Fabrica de productos y sistemas para la construcci\u00f3n - TEAIS","isPartOf":{"@id":"https:\/\/www.teais.es\/materiales-de-construccion\/#website"},"datePublished":"2022-03-16T17:03:43+00:00","dateModified":"2025-05-13T09:02:49+00:00","breadcrumb":{"@id":"https:\/\/www.teais.es\/materiales-de-construccion\/politica-de-cookies\/#breadcrumb"},"inLanguage":"es","potentialAction":[{"@type":"ReadAction","target":["https:\/\/www.teais.es\/materiales-de-construccion\/politica-de-cookies\/"]}]},{"@type":"BreadcrumbList","@id":"https:\/\/www.teais.es\/materiales-de-construccion\/politica-de-cookies\/#breadcrumb","itemListElement":[{"@type":"ListItem","position":1,"name":"Inicio","item":"https:\/\/www.teais.es\/materiales-de-construccion\/"},{"@type":"ListItem","position":2,"name":"Pol\u00edtica de cookies"}]},{"@type":"WebSite","@id":"https:\/\/www.teais.es\/materiales-de-construccion\/#website","url":"https:\/\/www.teais.es\/materiales-de-construccion\/","name":"Fabrica de productos y sistemas para la construcci\u00f3n - TEAIS","description":"Fabrica y desarrollo de cientos de productos y sistemas para la construcci\u00f3n y la industria. Obra nueva, restauraci\u00f3n, impermeabilizaci\u00f3n, pavimentos, revestimientos, etc.","publisher":{"@id":"https:\/\/www.teais.es\/materiales-de-construccion\/#organization"},"potentialAction":[{"@type":"SearchAction","target":{"@type":"EntryPoint","urlTemplate":"https:\/\/www.teais.es\/materiales-de-construccion\/?s={search_term_string}"},"query-input":{"@type":"PropertyValueSpecification","valueRequired":true,"valueName":"search_term_string"}}],"inLanguage":"es"},{"@type":"Organization","@id":"https:\/\/www.teais.es\/materiales-de-construccion\/#organization","name":"TEAIS","url":"https:\/\/www.teais.es\/materiales-de-construccion\/","logo":{"@type":"ImageObject","inLanguage":"es","@id":"https:\/\/www.teais.es\/materiales-de-construccion\/#\/schema\/logo\/image\/","url":"https:\/\/www.teais.es\/materiales-de-construccion\/wp-content\/uploads\/2021\/12\/fabrica-de-materiales-construccion-teais.jpg","contentUrl":"https:\/\/www.teais.es\/materiales-de-construccion\/wp-content\/uploads\/2021\/12\/fabrica-de-materiales-construccion-teais.jpg","width":154,"height":109,"caption":"TEAIS"},"image":{"@id":"https:\/\/www.teais.es\/materiales-de-construccion\/#\/schema\/logo\/image\/"},"sameAs":["https:\/\/www.facebook.com\/teais.es","https:\/\/x.com\/TEAIS_SA","https:\/\/www.instagram.com\/teais_sa\/","https:\/\/www.linkedin.com\/company\/teais-sa\/","https:\/\/www.youtube.com\/user\/TEAISCOMEX"]}]}},"_links":{"self":[{"href":"https:\/\/www.teais.es\/materiales-de-construccion\/wp-json\/wp\/v2\/pages\/809","targetHints":{"allow":["GET"]}}],"collection":[{"href":"https:\/\/www.teais.es\/materiales-de-construccion\/wp-json\/wp\/v2\/pages"}],"about":[{"href":"https:\/\/www.teais.es\/materiales-de-construccion\/wp-json\/wp\/v2\/types\/page"}],"author":[{"embeddable":true,"href":"https:\/\/www.teais.es\/materiales-de-construccion\/wp-json\/wp\/v2\/users\/1"}],"replies":[{"embeddable":true,"href":"https:\/\/www.teais.es\/materiales-de-construccion\/wp-json\/wp\/v2\/comments?post=809"}],"version-history":[{"count":27,"href":"https:\/\/www.teais.es\/materiales-de-construccion\/wp-json\/wp\/v2\/pages\/809\/revisions"}],"predecessor-version":[{"id":2440,"href":"https:\/\/www.teais.es\/materiales-de-construccion\/wp-json\/wp\/v2\/pages\/809\/revisions\/2440"}],"wp:attachment":[{"href":"https:\/\/www.teais.es\/materiales-de-construccion\/wp-json\/wp\/v2\/media?parent=809"}],"curies":[{"name":"wp","href":"https:\/\/api.w.org\/{rel}","templated":true}]}}